{"id":20,"date":"2014-10-07T10:53:55","date_gmt":"2014-10-07T09:53:55","guid":{"rendered":"https:\/\/clemens-schroner.nl\/?page_id=20"},"modified":"2023-03-10T11:01:20","modified_gmt":"2023-03-10T10:01:20","slug":"repertoire-in-de-loop-der-jaren","status":"publish","type":"page","link":"https:\/\/clemens-schroner.nl\/?page_id=20","title":{"rendered":"Repertoire"},"content":{"rendered":"<p><strong>Concerten 2023<\/strong><\/p>\n<p>Zondag 19 februari in de Middeleeuwse kerk in Garmerwolde<\/p>\n<ul>\n<li>Franz Strauss\u00a0 \u00a0 \u00a0 \u00a0 \u00a0 \u00a0 \u00a0Hoornconcert no. 1<\/li>\n<li>Willy Ostyn\u00a0 \u00a0 \u00a0 \u00a0 \u00a0 \u00a0 \u00a0 \u00a0 Beelden uit Zeebrugge<\/li>\n<li>Coleridge-Taylor\u00a0 \u00a0 \u00a0 \u00a0 Petite suite de concert<\/li>\n<li>Edvard Elgar\u00a0 \u00a0 \u00a0 \u00a0 \u00a0 \u00a0 \u00a0 Serenade lyrique<\/li>\n<\/ul>\n<p><a href=\"https:\/\/clemens-schroner.nl\/wp-content\/uploads\/2023\/02\/Schermafbeelding-2023-02-08-om-17.44.47.png\"><img decoding=\"async\" loading=\"lazy\" class=\"alignnone  wp-image-831\" src=\"https:\/\/clemens-schroner.nl\/wp-content\/uploads\/2023\/02\/Schermafbeelding-2023-02-08-om-17.44.47.png\" alt=\"\" width=\"334\" height=\"475\" srcset=\"https:\/\/clemens-schroner.nl\/wp-content\/uploads\/2023\/02\/Schermafbeelding-2023-02-08-om-17.44.47.png 560w, https:\/\/clemens-schroner.nl\/wp-content\/uploads\/2023\/02\/Schermafbeelding-2023-02-08-om-17.44.47-211x300.png 211w\" sizes=\"(max-width: 334px) 100vw, 334px\" \/><\/a><\/p>\n<p><strong>Concerten 2022<\/strong><\/p>\n<p>Zaterdag 23 april in Apostolisch Genootschap Groningen<\/p>\n<p>Programma:<\/p>\n<ul>\n<li>Pavel Vranick\u00fd\u00a0 \u00a0 \u00a0 \u00a0 \u00a0 \u00a0 Grande sinfonie caract\u00e9ristique in c klein<\/li>\n<li>Camille Saint-Sa\u00ebns\u00a0 \u00a0Suite voor orkest<\/li>\n<li>Gabriel Faur\u00e9\u00a0 \u00a0 \u00a0 \u00a0 \u00a0 \u00a0 \u00a0Orkestsuite Masques et Bergamasques<\/li>\n<\/ul>\n<p><a href=\"https:\/\/clemens-schroner.nl\/wp-content\/uploads\/2023\/02\/affiche-CONCEPT-2022.versie-2.1_page-0001.jpg\"><img decoding=\"async\" loading=\"lazy\" class=\"alignnone  wp-image-832\" src=\"https:\/\/clemens-schroner.nl\/wp-content\/uploads\/2023\/02\/affiche-CONCEPT-2022.versie-2.1_page-0001.jpg\" alt=\"\" width=\"335\" height=\"474\" srcset=\"https:\/\/clemens-schroner.nl\/wp-content\/uploads\/2023\/02\/affiche-CONCEPT-2022.versie-2.1_page-0001.jpg 1240w, https:\/\/clemens-schroner.nl\/wp-content\/uploads\/2023\/02\/affiche-CONCEPT-2022.versie-2.1_page-0001-212x300.jpg 212w, https:\/\/clemens-schroner.nl\/wp-content\/uploads\/2023\/02\/affiche-CONCEPT-2022.versie-2.1_page-0001-724x1024.jpg 724w, https:\/\/clemens-schroner.nl\/wp-content\/uploads\/2023\/02\/affiche-CONCEPT-2022.versie-2.1_page-0001-768x1087.jpg 768w, https:\/\/clemens-schroner.nl\/wp-content\/uploads\/2023\/02\/affiche-CONCEPT-2022.versie-2.1_page-0001-1085x1536.jpg 1085w, https:\/\/clemens-schroner.nl\/wp-content\/uploads\/2023\/02\/affiche-CONCEPT-2022.versie-2.1_page-0001-639x904.jpg 639w\" sizes=\"(max-width: 335px) 100vw, 335px\" \/><\/a><\/p>\n<p><strong>Concerten 2021<\/strong><\/p>\n<p>Zaterdag 20 november in Apostolisch Genootschap Groningen<\/p>\n<p>Programma:<\/p>\n<ul>\n<li>Ludwig van Beethoven\u00a0 \u00a0 Pianoconcert nr. 1 in C groot (solist: Andrei Makarov)<\/li>\n<li>Beethoven\u00a0 \u00a0 \u00a0 \u00a0 \u00a0 \u00a0 \u00a0 \u00a0 \u00a0 \u00a0 \u00a0 \u00a0Die Gesch\u00f6pfe des Prometheus, ouvert\u00fcre<\/li>\n<\/ul>\n<p><strong style=\"font-size: revert; color: initial;\">Concerten 2020<\/strong><\/p>\n<p>In verband met Corona zijn er in dit jaar geen concerten gegeven. Gewerkt aan:<\/p>\n<ul>\n<li>Beethoven\u00a0 \u00a0 \u00a0 \u00a0 \u00a0 \u00a0 \u00a0 \u00a0 \u00a0 Die Gesch\u00f6pfe des Prometheus, ouvert\u00fcre<\/li>\n<li>Elgar\u00a0 \u00a0 \u00a0 \u00a0 \u00a0 \u00a0 \u00a0 \u00a0 \u00a0 \u00a0 \u00a0 \u00a0 \u00a0 \u00a0Serenade lyrique<\/li>\n<li>Coleridge-Taylor\u00a0 \u00a0 \u00a0 \u00a0 \u00a0Petite Suite de Concert<\/li>\n<li>Wranitzky\u00a0 \u00a0 \u00a0 \u00a0 \u00a0 \u00a0 \u00a0 \u00a0 \u00a0 \u00a0Sinfonie in c klein<\/li>\n<\/ul>\n<p><strong>Concerten 2019<\/strong><\/p>\n<p>29 november in de Kloosterkerk in Thesinge<\/p>\n<p>Programma:<\/p>\n<ul>\n<li>F. Mendelssohn Bartholdy\u00a0 \u00a0 \u00a0 \u00a0 \u00a0 \u00a0 \u00a0 \u00a0 Ouvert\u00fcre zum M\u00e4rchen von der sch\u00f6nen Melusine<\/li>\n<li>J.S. Bach\u00a0 \u00a0 \u00a0 \u00a0 \u00a0 \u00a0 \u00a0 \u00a0 \u00a0 \u00a0 \u00a0 \u00a0 \u00a0 \u00a0 \u00a0 \u00a0 \u00a0 \u00a0 \u00a0 \u00a0 \u00a0 \u00a0 vioolconcert in a klein<\/li>\n<li>J.C. de Arriaga\u00a0 \u00a0 \u00a0 \u00a0 \u00a0 \u00a0 \u00a0 \u00a0 \u00a0 \u00a0 \u00a0 \u00a0 \u00a0 \u00a0 \u00a0 \u00a0 \u00a0 \u00a0Sinfonia a grande orquesta<\/li>\n<\/ul>\n<p>24 mei in Kloosterkerk in ten Boer<\/p>\n<p>Programma:<\/p>\n<ul>\n<li>Anderson\u00a0 \u00a0 \u00a0 \u00a0 \u00a0 Minnesota Swale<\/li>\n<li>Bruch\u00a0 \u00a0 \u00a0 \u00a0 \u00a0 \u00a0 \u00a0 \u00a0 \u00a0Kol Nidrei<\/li>\n<li>Faur\u00e9\u00a0 \u00a0 \u00a0 \u00a0 \u00a0 \u00a0 \u00a0 \u00a0 \u00c9l\u00e9gie<\/li>\n<li>Haydn\u00a0 \u00a0 \u00a0 \u00a0 \u00a0 \u00a0 \u00a0 Symfonie 104<\/li>\n<\/ul>\n<p><strong>Concerten\u00a0 2018<\/strong><\/p>\n<p>30 november in Kloosterkerk Ten Boer<\/p>\n<p>Programma:<\/p>\n<ul>\n<li>Coleridge Taylor\u00a0 \u00a0 \u00a0Petit suite de concert<\/li>\n<li>Dvo\u0159\u00e1k\u00a0\u00a0\u00a0\u00a0 \u00a0\u00a0\u00a0\u00a0\u00a0\u00a0\u00a0\u00a0\u00a0\u00a0\u00a0\u00a0\u00a0\u00a0Legends<\/li>\n<li>Faur\u00e9\u00a0\u00a0\u00a0\u00a0\u00a0\u00a0\u00a0\u00a0\u00a0\u00a0\u00a0\u00a0\u00a0\u00a0\u00a0\u00a0\u00a0\u00a0\u00a0\u00a0 Pell\u00e9as et M\u00e9lisande<\/li>\n<li>Rameau\u00a0\u00a0\u00a0\u00a0\u00a0\u00a0\u00a0\u00a0\u00a0\u00a0\u00a0\u00a0\u00a0\u00a0\u00a0\u00a0 Les indes galantes<\/li>\n<li>Still\u00a0\u00a0\u00a0\u00a0\u00a0\u00a0\u00a0\u00a0\u00a0\u00a0\u00a0\u00a0\u00a0\u00a0\u00a0\u00a0\u00a0\u00a0\u00a0\u00a0\u00a0\u00a0\u00a0\u00a0 Patterns<\/li>\n<\/ul>\n<p>Voorjaar &#8211; concert afgelast<\/p>\n<p><strong>Concerten 2017\u00a0<\/strong><\/p>\n<p>24 november in de St. Maartenskerk in Middelbert.<\/p>\n<p>Programma: een Scandinavisch programma:<br \/>\nAnders Wesstr\u00f6m: Armida Ouverture<br \/>\nBernard Henrik Crusell: Klarinetconcert no. 2, Op. 50; solist Kees van der Harst.<br \/>\nEdvard Grieg: 2 Lyrische Stukken; Op. 65 no .2 en Op. 47 no. 6; arrangement David Stone.<br \/>\nNiels Gade: Symfonie no. 4, Op. 20.<\/p>\n<p>14 mei 2017\u00a0in de St. Maartenskerk in Middelbert.<\/p>\n<p>Programma: een Engels programma:<br \/>\nElgar: Bavarian Highlands de delen 1, 2 en 3<br \/>\nElgar: Serenade voor strijkers deel 1 en 3<br \/>\nArnold: Travelyan Suite<br \/>\nHolst: A Somerset Rhapsody<br \/>\nBritten: Lord Melbourne<br \/>\nVaughan Williams: English Folk Songs<\/p>\n<div><strong>Concerten 2016<\/strong><\/div>\n<div><\/div>\n<div>25 november in de concertzaal van Vrijdag\u00a0in Groningen<\/div>\n<div><\/div>\n<div>Programma:<\/div>\n<div>Johannes Brahms: Variaties op een thema van Joseph Haydn, opus 56a.<\/div>\n<div>Ludwig van Beethoven: Romance no.2 voor viool en orkest in F groot. Soliste Hanneke van Ulsen.<\/div>\n<div>Ferdinand Ries: vijfde symfonie.<\/div>\n<div><\/div>\n<div><\/div>\n<div>\n<hr \/>\n<blockquote><p>Het concert opent met de Variaties op een thema van Joseph Haydn, opus 56a, van Johannes Brahms, bestaande uit een introductie, acht zeer uiteenlopende variaties en een finale. Inmiddels is uit onderzoek gebleken dat het thema \u2013 de koraal Sint-Antonius \u2013 niet is gecomponeerd door Joseph Haydn. Daarom staat het stuk nu ook wel bekend als de Sint-Antoniusvariaties.<\/p>\n<p>Het concert wordt afgesloten met een unieke uitvoering van de vijfde symfonie van Ferdinand Ries, een leerling van Ludwig van Beethoven. Ries\u2019 symfonie is thematisch duidelijk verwant aan Beethovens overbekende vijfde symfonie. Een aardig detail is dat de partijen waarvan Clemens Schr\u00f6ner speelt, afkomstig zijn uit het archief van de Groninger Orkestvereniging, de voorganger van het Noordelijk Filharmonisch Orkest (voorloper van het huidige NNO).<\/p>\n<p>Hanneke van Ulsen kreeg haar eerste vioollessen op 9 jarige leeftijd. Gedurende haar middelbare schooltijd had zij les van Jo Juda, waarna zij haar opleiding vervolgde aan het toenmalige Sweelinck Consrvatorium in Amsterdam bij Leo Boelens en aan de Hogeschool voor de Kunsten in Arnhem bij Keiko Linale-Wataya. Hanneke is actief op verschillende terreinen van het muziekvak: als orkestmusicus (zij remplaceerde gedurende 20 jaar in het NNO, speelt in het Van Wassenaer Consort en de Filharmonie Noord, van welk laatste ensemble zij concertmeester is), als kamermusicus als violiste eerst in het Artemiss kwartet en tegenwoordig in het Arcobaleno kwartet, en als viooldocente in Groningen, Assen en Roden. Daarnaast speelt zij regelmatig in ad hoc ensembles o.a. in Bach cantates.<\/p><\/blockquote>\n<\/div>\n<div>\n<hr \/>\n<\/div>\n<div><\/div>\n<div><\/div>\n<div>15 april 2016 in de Maranathakerk\u00a0in Bedum<\/div>\n<div>Concert met Gemengd Koor ten Boer en\u00a0met het dameskoor EigenWijs.<\/div>\n<div><\/div>\n<div>Programma:<\/div>\n<div>Koor en orkest o.l.v. Olga Karelova:\u00a0Mozart Ave verum;\u00a0H\u00e4ndel: Lascia Ch\u2019io Pianga;\u00a0Gluck: Che faro senza Euridice<\/div>\n<div>Orkest o.l.v. Kees van der Harst: Tchaikovsky Suite voor orkest nr 1:\u00a0deel 3<br \/>\nDameskoor EigenWijs\u00a0en piano o.l.v. Olga Karelova\u00a0: Rachmanonoff: Nochka;\u00a0Gemengd Koor ten Boer o.l.v. Olga Karelova: Rachmanonoff: Slava<br \/>\nKoor en orkest o.l.v. Kees van der Harst: Bizet: Grande Fantasie Les Pecheurs de Perles;<br \/>\nKoor en piano o.l.v. Olga Karelova: Brahms: Nachtigall, sie singt so sch\u00f6n;\u00a0Brahms: Am Donaustrande;\u00a0Strauss: \u00a0An der sch\u00f6nen blauen Donau<br \/>\nKoor en orkest o.l.v. Kees van der Harst:Elgar: False Love;\u00a0Elgar: Lullaby;\u00a0Verdi: Slavenkoor uit Nabucco<\/div>\n<div>Orkest o.l.v. Kees van der Harst: Brahms: Hongaarse Dans no.5<br \/>\nKoor en orkest o.l.v. Olga Karelova: H\u00e4ndel : Hallelujah Koor\u00a0uit de\u00a0Messiah<\/div>\n<p><strong>Concerten 2015<\/strong><\/p>\n<p>8 november 2015 in het Marnehoes, Wehe den Hoorn<br \/>\n20 november 2015 in de Columnakerk, Groningen<\/p>\n<p>Programma:<br \/>\nTchaikovsky: Orkestsuite 1:\u00a0Gavotte<br \/>\nTchaikovsky: Elegie voor strijkers<br \/>\nDonizetti: Sinfonia in G voor blazers<br \/>\nDonizetti: Concertino in Bes voor klarinet en orkest<br \/>\nSchubert: Symfonie 3<br \/>\nBrahms: Hongaarse dans no.5<\/p>\n<p>22 maart 2015 in de St.Jozefkathedraal in Groningen.<br \/>\n29 maart in de Maria Tenhemelopneming kerk in Assen.<\/p>\n<p>Programma:<br \/>\nDie sieben letzten Worte unseres Erl\u00f6sers am Kreuze van Joseph Haydn.<br \/>\nDa nobis pacem van\u00a0Felix Mendelssohn Bartholdy.<br \/>\nIn de St.Jozefkathedraal samen met\u00a0het Vocaal Ensemble &#8220;Septet&#8221; onder leiding van Sjoerd Ruisch.<br \/>\nIn de Maria Tenhemelopneming kerk samen met\u00a0het parochiekoor &#8220;Enchant\u00e9&#8221; onder leiding van\u00a0Kees van der Harst.<\/p>\n<p><strong>Concerten 2014<\/strong><\/p>\n<p>In 2014 heeft het orkest 4\u00a0concerten gegeven:<\/p>\n<p>Samen met het Gemengd koor Sotto Voce uit Zuidlaren:<br \/>\n11 april in de Helperkerk te Groningen<br \/>\n13 april in de Ontmoetingskerk Zuidlaren<br \/>\nHet programma: Die sieben letzten Worte unseres Erl\u00f6sers am Kreuze van Joseph Haydn.<\/p>\n<p>3 november in verpleeghuis Innersdijk in ten Boer.<br \/>\n21 november in de concertzaal van Vrijdag (voorheen de Stedelijke Muziekschool), Sint Jansstraat 7, Groningen.<br \/>\nHet programma:<br \/>\nJean Philippe Rameau: Balletsuite<br \/>\nFranz Berwald: Concert St\u00fcck f\u00fcr Fagott. Solist: Jef Oosting, fagot.<br \/>\nAstor.Piazzolla: Escolaso.\u00a0Solist: Jef Oosting, fagot.<br \/>\nFriedrich Witt: Symfonie in C groot (Jenasymfonie).<\/p>\n<p><strong>Concerten 2013<\/strong><\/p>\n<p>Het orkest Clemens Schr\u00f6ner bestaat in 2013 75 jaar.<\/p>\n<p>In 2013 heeft het orkest de volgende concerten gegeven:<br \/>\n27 januari: de St.Jozefkathedraal &#8220;Een uurtje eeuwigheid &#8221; in Groningen met een koor o.l.v. Cas Straatman.<br \/>\n9 juni: jubileumconcert in de Buitenplaats, Eelde, met als zangers Jeanet Schuring en Fritz Vugteveen<br \/>\n29 november: jubileumconcert in de Stedelijke Muziekschool te Groningen.<\/p>\n<p style=\"text-align: center;\">.<img decoding=\"async\" loading=\"lazy\" class=\"alignnone size-full wp-image-231\" src=\"https:\/\/clemens-schroner.nl\/wp-content\/uploads\/2014\/10\/krantenartikel19november2013orkest.jpg\" alt=\"krantenartikel19november2013orkest\" width=\"549\" height=\"583\" srcset=\"https:\/\/clemens-schroner.nl\/wp-content\/uploads\/2014\/10\/krantenartikel19november2013orkest.jpg 549w, https:\/\/clemens-schroner.nl\/wp-content\/uploads\/2014\/10\/krantenartikel19november2013orkest-282x300.jpg 282w\" sizes=\"(max-width: 549px) 100vw, 549px\" \/><\/p>\n<p>Het repertoire bestond tijdens deze concerten uit de volgende werken:<br \/>\nJohann Sebastian Bach (1685-1750): Fuga 1 uit Die Kunst der Fuge<br \/>\nJohann Christiaan Bach (1735-1782): Sinfonia Pastorale<br \/>\nMarc-Antoine Charpentier (1643-1704) : Prelude, Sarabande, Gigue Francoise<br \/>\nJohann Friedrich Fasch (1688-1758): Vioolconcert in D dur soliste: Inge Muntendam<br \/>\nEtienne M\u00e9hul (1763-1817): Symfonie en sol mineur: 1 Allegro 3 Allegro moderato, trio 4 Allegro agitato<br \/>\nWolfgang Amadeus Mozart (1756-1791): Sancta Maria, mater Dei<br \/>\nWolfgang Amadeus Mozart (1756-1791): Ave Verum<br \/>\nWolfgang Amadeus Mozart (1756-1791): Te Deum<br \/>\nWolfgang Amadeus Mozart: Selectie uit Le Nozze di Figaro: Prelude, Cavatina \u2018Se vuol ballare&#8217;, Canzona \u2018Voi che sapete\u2019, Aria \u2018Non piu andrai\u2019, Cavatina \u2018Porgi amor\u2019, Marcia, Duetto \u2018Crudel, perche finora\u2019, Finale.<br \/>\nFranz Schubert (1797-1828): Ouverture im Italienischen Stile<br \/>\nBed\u0159ich Smetana (1824-1884): De Moldau<br \/>\nWolfgang Schr\u00f6der (1943): Eine kleine Lachmusik: 1. Allegro<\/p>\n<p><strong>Concerten 2012<\/strong><\/p>\n<p>Concerten:<br \/>\nIn 2012 heeft het orkest in totaal zes concerten gegeven:<br \/>\n12 februari in de Zweeler kerk te Zweeloo<br \/>\n20 april in de Helperkerk te Groningen en 22 april in de Ontmoetingskerk te Zuidlaren samen met het koor Sotto Voce uit Zuidlaren<br \/>\n4 juni in verpleeghuis Innersdijk in ten Boer.<br \/>\n11 november in verpleeghuis Maartenshof in Groningen<br \/>\n16 november in de Helperkerk in Groningen.<\/p>\n<p>Het repertoire bestond tijdens deze concerten uit de volgende werken:<br \/>\nJohann Christian Bach (1735 \u2013 1782): Sinfonia<br \/>\nEdward Elgar (1857-1924): Chanson de Nuit Chanson de Matin<br \/>\nJohann Friedrich Fasch (1688-1758): Vioolconcert in D dur, soliste Inge Muntendam<br \/>\nGabriel Faur\u00e9 (1845-1924): Pell\u00e9as et M\u00e9lisande<br \/>\nBenjamin Godard (1849-1895): Suite de Danses<br \/>\nJohann Wenzel Kalliwoda (1801 \u2013 1866): Sinfonie no 1<br \/>\n\u00c9tienne Nicolas M\u00e9hul (1763 \u2013 1817): Symphonie en sol mineur<br \/>\nWolfgang Amadeus Mozart (1756-1791): The Dream of Scipione<br \/>\nCamille Saint-Sa\u00ebns (1835-1921): Introduction en Rondo Capriccioso, soliste: Inge Muntendam<br \/>\nKoor en Orkest:<br \/>\nW.A. Mozart (1756-1791): Ave Verum<br \/>\nW.A. Mozart (1756-1791): Sancta Maria<br \/>\nW.A. Mozart (1756-1791): Te Deum<br \/>\nKoor: E.W. Elgar (1857-1924): Ave Verum<br \/>\nF. Schubert (1797-1828): Deutsche Messe.<\/p>\n<p><strong>Concerten 2011<\/strong><\/p>\n<p>Concert<\/p>\n<p>27 mei 2011: Concert in de Helperkerk in Groningen.<br \/>\nSolisten: Juliette Froissart cello, Inge Muntendam viool.<br \/>\nProgramma :<br \/>\nJohann Christiaan Bach (1735 \u2013 1782): Sinfonia<br \/>\nJohann Sebastiaan Bach (1685 \u2013 1750): 3e solosonate<br \/>\nJoseph Haydn (1732-1809): Celloconcert no. 2<br \/>\nJohann Wenzel Kalliwoda (1801 \u2013 1866): Sinfonie no 1<br \/>\nEug\u00e8ne Ysa\u00efe (1858 -1931): 5e sonate voor viool<br \/>\nBenjamin Godard (1849-1895): Suite de Danses<\/p>\n<p><strong>Concerten 2010<\/strong><\/p>\n<p>17 april: Concert in de Helperkerk in Groningen.<br \/>\nSolist: Iulian Vecliuc, hobo.<\/p>\n<p>Programma :<\/p>\n<p>Georg Friedrich H\u00e4ndel: Rodrigo Suite<br \/>\nJohann Sebastiaan Bach: Sinfonia<br \/>\nFranz Joseph Haydn: 100e Symfonie<br \/>\nVincenzo Bellini: concert voor hobo en orkest<br \/>\nFranz Schubert: achtste Symfonie<br \/>\nWilly Ostyn: Zeebrugge<\/p>\n<p><strong>Concerten 2009<\/strong><\/p>\n<p>Concerten:<br \/>\n6 februari : Concert in samenwerking met het koor Woudklank uit Roden, in de kerk &#8220;op de Helte&#8221; in Roden.<br \/>\n3 april : Concert in De Fonteinkerk, Groningen. Soliste : Inge Muntendam, viool.<\/p>\n<p>Programma :<\/p>\n<p>C. Stamitz : Rondo uit kwartete in c groot<br \/>\nL. Cherubini : Ouverture van de opera Medea<br \/>\nW.A. Mozart : Ouverture Titus<br \/>\nP. de Sarasate : Zigeunerweisen voor viool en orkest<br \/>\nJ.S. Bach : Fuga uit Die Kunst der Fuge , BWV 1080<br \/>\nCh. Gounod : 1e Symfonie<\/p>\n<p><strong>Concerten 2008<\/strong><\/p>\n<p>Concerten:<br \/>\n11 februari, Margarethakerk Norg, i.s.m. Hans de Wolf,bariton en Andries Dijkstra, piano<br \/>\n28 april, de Fonteinkerk, Groningen<br \/>\n8 juni, Sterrebos Groningen<\/p>\n<p>Programma<\/p>\n<p>:<\/p>\n<p>H.Purcell , delen uit &#8220;The Fairy Queen&#8221; en Ouverture &#8220;The Gordian Knot Untied&#8221; (Bew. G. Holst)<br \/>\nL.van Beethoven, Ouverture Coriolan, Opus 62<br \/>\nF.Schubert, Symfonie nr. 3, D.200<br \/>\nF.Boieldieu, Ouverture &#8220;De kalief van Bagdad&#8221;<br \/>\nD.Kabalevsky, Suite<br \/>\nR. Vaughan Williams, English Folk Songs<\/p>\n<p><strong>Concerten 2007<\/strong><br \/>\nConcerten:<br \/>\n28 januari, Kloosterkerk Thesinge, i.s.m. het Incanto Trio : Jeanet Schuring, sopraan en Frits Vugteveen,bariton<br \/>\n21 april , De Fonteinkerk, Groningen<br \/>\nSolist: Inge Muntendam viool<\/p>\n<p>Programma:<\/p>\n<p>W.A. Mozart, Figaros Hochzeit (bew.)<br \/>\nP.Tschaikovsky, Souvenir d &#8216;un lieu cher, Opus 42, voor viool en orkest<br \/>\nS.Prokofieff, Classical Symfony Opus 25, deel 2 en 3<br \/>\nL.Toebosch, Symphonie in E Opus 7a<br \/>\nE. Satie Gymnop\u00e9die 2 en 3 (bew. voor orkest)<\/p>\n<p><strong>Concerten 2006<\/strong><\/p>\n<p>Concerten:<br \/>\n26 maart, Hervormde Kerk Zuidhorn<br \/>\n8 april , De Fonteinkerk, Groningen<br \/>\nSolist: Hans van der Sanden, hoorn<\/p>\n<p>Programma:<\/p>\n<p>Franz Schubert (1797 \u2013 1828), Ouverture \u2018Der h\u00e4usliche Krieg\u2019<br \/>\nRichard Strauss (1864 \u2013 1949), Hoornconcert nr. 1, opus 11<br \/>\nJoseph Haydn (1732 \u2013 1809), Symfonie No.99.<\/p>\n<p><strong>Repertoire 2005<\/strong><br \/>\nConcerten:<br \/>\n10 april, Kloosterkerk Thesinge<br \/>\n15 april, Helperkerk Groningen<br \/>\nSolist: Heleen Pol, viool<\/p>\n<p>Programma:<br \/>\nGabriel Faur\u00e9 (1845 &#8211; 1924), Pavane Opus 50<br \/>\nJohan S.Svendsen (1840 &#8211; 1911), Delen uit het Vioolconcert, opus 6<br \/>\nChristoph W. von Gluck (1714 \u2013 1787), Ouverture \u2018Iphigenie in Aulis\u2019<br \/>\nJules Massenet (1842 \u2013 1912 ), \u2018Le Roman d\u2019Arlequin\u2019 (Pantomime pour orchestre)<br \/>\nAnatoli Liadov (1855 \u2013 1914), Liederen<\/p>\n<p><strong>Repertoire 2004<\/strong><\/p>\n<p>Concert:<br \/>\n1 februari, Dorpskerk Vries, samen met het Twickelconsort,<br \/>\nSolisten: Nynke Klein Hesselink en Oeds Jongsma, hoorn<\/p>\n<p>Programma:<br \/>\nDomenico Gallo, Triosonate II<br \/>\nLudwig van Beethoven, Hoornsextet in Es, opus 81b<br \/>\nLudwig van Beethoven, Symphonie nr.1 in C, opus 21<br \/>\nConcert:<br \/>\n28 maart, Kloosterkerk Thesinge<br \/>\n2 april, Doopsgezinde kerk Groningen<br \/>\nSolist: Jef Oosting, fagot<\/p>\n<p>Programma:<br \/>\nAsger Hamerik (1843 \u2013 1923), Pr\u00e9lude du quatri\u00e8me act de l\u2019Op\u00e9ra \u2018Tovelille\u2019<br \/>\nAntonin Dvor\u00e1k (1841 \u2013 1904), Slavische dansen<br \/>\nCarl Maria von Weber (1786 \u2013 1826), Concert voor fagot en orkest in F-dur<br \/>\nFrederick Delius (1862 \u2013 1934), On hearing the first Cuckoo in Spring<br \/>\nLudwig van Beethoven (1770 \u2013 1827), Symfonie nr.1 in C, opus 21<\/p>\n<p><strong>Repertoire 2003<\/strong><\/p>\n<p>Concerten:<br \/>\n22 maart, Hervormde kerk Zuidhorn,<br \/>\n4 april, Lutherse kerk Groningen<br \/>\nSolisten: Jeanet Schuring, sopraan, en Frits Vugteveen, bariton<\/p>\n<p>Programma:<br \/>\nFelix Mendelssohn Bartholdy (1809 &#8211; 1847) Uit \u2018Ein Sommernachtstraum\u2019<br \/>\nIntermezzo<br \/>\nNotturno<br \/>\nJoseph Haydn (1732 \u2013 1809), Uit \u2018die Jahreszeiten\u2019<br \/>\nAria nr.4 \u2018Schon eilet froh der Ackersmann\u2019<br \/>\nUit \u2018Die Sch\u00f6pfung\u2019<br \/>\nAria nr.15 \u2018Auf starkem Fittige schwinget sich der Adler stolz\u2019<br \/>\nDuet nr.32 \u2018Holde Gattin, dir zur Seite\u2019<br \/>\nWolfgang Amadeus Mozart (1756 \u2013 1791), Sechs Deutsche T\u00e4nze<br \/>\nJoachim Arriaga (1806 &#8211; 1826), Ouverture \u2018Los Esclavos Felices\u2019<\/p>\n<p><strong>Repertoire 2002<\/strong><\/p>\n<p>Concerten:<br \/>\n13 januari, Kloosterkerk Thesinge samen met het Incanto Trio,<br \/>\n12 april, Remonstrantse kerk Groningen<br \/>\nSoliste: Ulrike Adam, altviool<\/p>\n<p>Programma:<br \/>\nPaul Hindemith (1895 &#8211; 1963), Trauermusik, bij het overlijden van Georg V<br \/>\nJoachim Raff (1822 &#8211; 1882), uit de Sinfonietta voor 10 blazers, opus 188<br \/>\nMax Bruch (1838 &#8211; 1920), Romance voor altviool en orkest, opus 85<br \/>\nJoseph Haydn (1732 &#8211; 1809), Symphonie 104 (7e Londense Symphonie\/Doedelzaksymphonie)<\/p>\n<p><strong>Repertoire 2001<\/strong><\/p>\n<p>Concerten:<br \/>\n4 februari Damkerk Hoogezand<br \/>\nsamen met het koor KWAJR<br \/>\n30 maart, Helperkerk Groningen<br \/>\nSolist Friso Valkema, trompet<\/p>\n<p>Programma:<br \/>\nW.A.Mozart (1756 &#8211; 1791), Symfonie in Es KV. 132<br \/>\nJ.N.Hummel (1778 &#8211; 1837), Concert voor trompet en orkest<br \/>\nC.F.Gounod (1818 &#8211; 1893), Petite symphonie (voor blazers)<br \/>\nB.Bart\u00f3k (1881 &#8211; 1945), Tiz Darab (kleine stukjes voor kinderen)<br \/>\nL.Delibes (1836 &#8211; 1891), Le roi s&#8217;amuse<\/p>\n","protected":false},"excerpt":{"rendered":"<p>Concerten 2023 Zondag 19 februari in de Middeleeuwse kerk in Garmerwolde Franz Strauss\u00a0 \u00a0 \u00a0 \u00a0 \u00a0 \u00a0 \u00a0Hoornconcert no. 1 Willy Ostyn\u00a0 \u00a0 \u00a0 \u00a0 \u00a0 \u00a0 \u00a0 \u00a0 Beelden uit Zeebrugge Coleridge-Taylor\u00a0 \u00a0 \u00a0 \u00a0 Petite suite de concert Edvard Elgar\u00a0 \u00a0 \u00a0 \u00a0 \u00a0 \u00a0 \u00a0 Serenade lyrique Concerten 2022 Zaterdag 23 [&hellip;]<\/p>\n","protected":false},"author":1,"featured_media":0,"parent":0,"menu_order":0,"comment_status":"closed","ping_status":"closed","template":"","meta":[],"_links":{"self":[{"href":"https:\/\/clemens-schroner.nl\/index.php?rest_route=\/wp\/v2\/pages\/20"}],"collection":[{"href":"https:\/\/clemens-schroner.nl\/index.php?rest_route=\/wp\/v2\/pages"}],"about":[{"href":"https:\/\/clemens-schroner.nl\/index.php?rest_route=\/wp\/v2\/types\/page"}],"author":[{"embeddable":true,"href":"https:\/\/clemens-schroner.nl\/index.php?rest_route=\/wp\/v2\/users\/1"}],"replies":[{"embeddable":true,"href":"https:\/\/clemens-schroner.nl\/index.php?rest_route=%2Fwp%2Fv2%2Fcomments&post=20"}],"version-history":[{"count":31,"href":"https:\/\/clemens-schroner.nl\/index.php?rest_route=\/wp\/v2\/pages\/20\/revisions"}],"predecessor-version":[{"id":858,"href":"https:\/\/clemens-schroner.nl\/index.php?rest_route=\/wp\/v2\/pages\/20\/revisions\/858"}],"wp:attachment":[{"href":"https:\/\/clemens-schroner.nl\/index.php?rest_route=%2Fwp%2Fv2%2Fmedia&parent=20"}],"curies":[{"name":"wp","href":"https:\/\/api.w.org\/{rel}","templated":true}]}}